{"id":417,"date":"2020-12-25T12:20:18","date_gmt":"2020-12-25T12:20:18","guid":{"rendered":"http:\/\/fwwh.ch\/?page_id=417"},"modified":"2024-03-15T12:48:57","modified_gmt":"2024-03-15T11:48:57","slug":"uebungsbetrieb","status":"publish","type":"page","link":"https:\/\/fwwh.ch\/index.php\/uebungsbetrieb\/","title":{"rendered":"\u00dcbungsbetrieb"},"content":{"rendered":"\t\t<div data-elementor-type=\"wp-page\" data-elementor-id=\"417\" class=\"elementor elementor-417\" data-elementor-post-type=\"page\">\n\t\t\t\t\t\t<section class=\"elementor-section elementor-top-section elementor-element elementor-element-30778fd elementor-section-boxed elementor-section-height-default elementor-section-height-default\" data-id=\"30778fd\" data-element_type=\"section\" data-e-type=\"section\">\n\t\t\t\t\t\t<div class=\"elementor-container elementor-column-gap-default\">\n\t\t\t\t\t<div class=\"elementor-column elementor-col-100 elementor-top-column elementor-element elementor-element-bfbb80c\" data-id=\"bfbb80c\" data-element_type=\"column\" data-e-type=\"column\">\n\t\t\t<div class=\"elementor-widget-wrap elementor-element-populated\">\n\t\t\t\t\t\t<div class=\"elementor-element elementor-element-105fc33 elementor-widget elementor-widget-heading\" data-id=\"105fc33\" data-element_type=\"widget\" data-e-type=\"widget\" data-widget_type=\"heading.default\">\n\t\t\t\t<div class=\"elementor-widget-container\">\n\t\t\t\t\t<h1 class=\"elementor-heading-title elementor-size-default\">\u00dcbungsbetrieb<\/h1>\t\t\t\t<\/div>\n\t\t\t\t<\/div>\n\t\t\t\t\t<\/div>\n\t\t<\/div>\n\t\t\t\t\t<\/div>\n\t\t<\/section>\n\t\t\t\t<section class=\"elementor-section elementor-top-section elementor-element elementor-element-53a61d4 elementor-section-boxed elementor-section-height-default elementor-section-height-default\" data-id=\"53a61d4\" data-element_type=\"section\" data-e-type=\"section\">\n\t\t\t\t\t\t<div class=\"elementor-container elementor-column-gap-default\">\n\t\t\t\t\t<div class=\"elementor-column elementor-col-100 elementor-top-column elementor-element elementor-element-217bfd8\" data-id=\"217bfd8\" data-element_type=\"column\" data-e-type=\"column\">\n\t\t\t<div class=\"elementor-widget-wrap elementor-element-populated\">\n\t\t\t\t\t\t<div class=\"elementor-element elementor-element-f65e999 elementor-widget elementor-widget-text-editor\" data-id=\"f65e999\" data-element_type=\"widget\" data-e-type=\"widget\" data-widget_type=\"text-editor.default\">\n\t\t\t\t<div class=\"elementor-widget-container\">\n\t\t\t\t\t\t\t\t\t<p><span style=\"text-decoration: underline;\"><strong>Besammlung<\/strong>:<\/span><\/p>\n<p>Zu den \u00dcbungen besammeln sich alle p\u00fcnktlich beim angegebenen Feuerwehrdepot (siehe \u00dcbungsprogramm) 15 Min. vor \u00dcbungsbeginn besammelt man sich jeweils zu ev. Verschiebung zum \u00dcbungsstartort. Das Kader besammelt sich min. 15 Min. vor \u00dcbungsbeginn.&nbsp;<\/p>\n<p><span style=\"text-decoration: underline;\"><strong>Tenue:<\/strong><\/span><\/p>\n<p>beim Einr\u00fccken:&nbsp;&nbsp;&nbsp; &nbsp;&nbsp;&nbsp;&nbsp;Tshirt, Hose, Jacke, gutes Schuhwerk, Schirmm\u00fctze<br>beim \u00dcbungsstart: &nbsp;&nbsp;&nbsp;volle pers\u00f6nliche Schutzausr\u00fcstung (wenn vom \u00dcbungsleiter nicht anders befohlen)<\/p>\n<p><strong><span style=\"text-decoration: underline;\">Absenzen \/ Entschuldigungen:<\/span><\/strong><\/p>\n<p>Als Gr\u00fcnde gelten Krankheit, schwere Krankheit oder Todesfall in der Familie, Milit\u00e4r- und Zivilschutzdienst, l\u00e4ngerer Aufenthalt ausserhalb der Gemeinde oder andere wichtige Gr\u00fcnde. Entschuldigungen und Abmeldungen sind innert 5 Tagen schriftlich dem Aktuar einzureichen (Email, Fax oder Post). <a href=\"https:\/\/fwwh.ch\/index.php\/absenzen\/\">Zum Enschuldigungsformular<\/a><\/p>\n<p><strong>Unf\u00e4lle und Krankheiten<\/strong> w\u00e4hrend dem Feuerwehrdienst m\u00fcssen sofort dem Kommandanten gemeldet werden.<\/p>\n<p><strong>Materialsch\u00e4den<\/strong> sind schriftlich sofort dem Materialwart zu melden (Anschlagstafel im Depot)<\/p>\t\t\t\t\t\t\t\t<\/div>\n\t\t\t\t<\/div>\n\t\t\t\t\t<\/div>\n\t\t<\/div>\n\t\t\t\t\t<\/div>\n\t\t<\/section>\n\t\t\t\t<\/div>\n\t\t","protected":false},"excerpt":{"rendered":"<p>\u00dcbungsbetrieb Besammlung: Zu den \u00dcbungen besammeln sich alle p\u00fcnktlich beim angegebenen Feuerwehrdepot (siehe \u00dcbungsprogramm) 15 Min. vor \u00dcbungsbeginn besammelt man sich jeweils zu ev. Verschiebung zum \u00dcbungsstartort. Das Kader besammelt [&hellip;]<\/p>\n","protected":false},"author":1,"featured_media":0,"parent":0,"menu_order":0,"comment_status":"closed","ping_status":"closed","template":"","meta":{"ocean_post_layout":"full-screen","ocean_both_sidebars_style":"","ocean_both_sidebars_content_width":0,"ocean_both_sidebars_sidebars_width":0,"ocean_sidebar":"0","ocean_second_sidebar":"0","ocean_disable_margins":"enable","ocean_add_body_class":"","ocean_shortcode_before_top_bar":"","ocean_shortcode_after_top_bar":"","ocean_shortcode_before_header":"","ocean_shortcode_after_header":"","ocean_has_shortcode":"","ocean_shortcode_after_title":"","ocean_shortcode_before_footer_widgets":"","ocean_shortcode_after_footer_widgets":"","ocean_shortcode_before_footer_bottom":"","ocean_shortcode_after_footer_bottom":"","ocean_display_top_bar":"default","ocean_display_header":"default","ocean_header_style":"","ocean_center_header_left_menu":"0","ocean_custom_header_template":"0","ocean_custom_logo":0,"ocean_custom_retina_logo":0,"ocean_custom_logo_max_width":0,"ocean_custom_logo_tablet_max_width":0,"ocean_custom_logo_mobile_max_width":0,"ocean_custom_logo_max_height":0,"ocean_custom_logo_tablet_max_height":0,"ocean_custom_logo_mobile_max_height":0,"ocean_header_custom_menu":"0","ocean_menu_typo_font_family":"0","ocean_menu_typo_font_subset":"","ocean_menu_typo_font_size":0,"ocean_menu_typo_font_size_tablet":0,"ocean_menu_typo_font_size_mobile":0,"ocean_menu_typo_font_size_unit":"px","ocean_menu_typo_font_weight":"","ocean_menu_typo_font_weight_tablet":"","ocean_menu_typo_font_weight_mobile":"","ocean_menu_typo_transform":"","ocean_menu_typo_transform_tablet":"","ocean_menu_typo_transform_mobile":"","ocean_menu_typo_line_height":0,"ocean_menu_typo_line_height_tablet":0,"ocean_menu_typo_line_height_mobile":0,"ocean_menu_typo_line_height_unit":"","ocean_menu_typo_spacing":0,"ocean_menu_typo_spacing_tablet":0,"ocean_menu_typo_spacing_mobile":0,"ocean_menu_typo_spacing_unit":"","ocean_menu_link_color":"","ocean_menu_link_color_hover":"","ocean_menu_link_color_active":"","ocean_menu_link_background":"","ocean_menu_link_hover_background":"","ocean_menu_link_active_background":"","ocean_menu_social_links_bg":"","ocean_menu_social_hover_links_bg":"","ocean_menu_social_links_color":"","ocean_menu_social_hover_links_color":"","ocean_disable_title":"on","ocean_disable_heading":"default","ocean_post_title":"","ocean_post_subheading":"","ocean_post_title_style":"","ocean_post_title_background_color":"","ocean_post_title_background":0,"ocean_post_title_bg_image_position":"","ocean_post_title_bg_image_attachment":"","ocean_post_title_bg_image_repeat":"","ocean_post_title_bg_image_size":"","ocean_post_title_height":0,"ocean_post_title_bg_overlay":0.5,"ocean_post_title_bg_overlay_color":"","ocean_disable_breadcrumbs":"default","ocean_breadcrumbs_color":"","ocean_breadcrumbs_separator_color":"","ocean_breadcrumbs_links_color":"","ocean_breadcrumbs_links_hover_color":"","ocean_display_footer_widgets":"default","ocean_display_footer_bottom":"default","ocean_custom_footer_template":"0","footnotes":""},"class_list":["post-417","page","type-page","status-publish","hentry","entry"],"yoast_head":"<!-- This site is optimized with the Yoast SEO plugin v27.5 - https:\/\/yoast.com\/product\/yoast-seo-wordpress\/ -->\n<title>\u00dcbungsbetrieb - Feuerwehr Wittenbach-H\u00e4ggenschwil<\/title>\n<meta name=\"description\" content=\"\u00dcbungsbetrieb %\" \/>\n<meta name=\"robots\" content=\"index, follow, max-snippet:-1, max-image-preview:large, max-video-preview:-1\" \/>\n<link rel=\"canonical\" href=\"https:\/\/fwwh.ch\/index.php\/uebungsbetrieb\/\" \/>\n<meta property=\"og:locale\" content=\"de_DE\" \/>\n<meta property=\"og:type\" content=\"article\" \/>\n<meta property=\"og:title\" content=\"\u00dcbungsbetrieb - Feuerwehr Wittenbach-H\u00e4ggenschwil\" \/>\n<meta property=\"og:description\" content=\"\u00dcbungsbetrieb %\" \/>\n<meta property=\"og:url\" content=\"https:\/\/fwwh.ch\/index.php\/uebungsbetrieb\/\" \/>\n<meta property=\"og:site_name\" content=\"Feuerwehr Wittenbach-H\u00e4ggenschwil\" \/>\n<meta property=\"article:publisher\" content=\"https:\/\/www.facebook.com\/fwwh.ch\" \/>\n<meta property=\"article:modified_time\" content=\"2024-03-15T11:48:57+00:00\" \/>\n<meta name=\"twitter:card\" content=\"summary_large_image\" \/>\n<meta name=\"twitter:label1\" content=\"Gesch\u00e4tzte Lesezeit\" \/>\n\t<meta name=\"twitter:data1\" content=\"1\u00a0Minute\" \/>\n<script type=\"application\/ld+json\" class=\"yoast-schema-graph\">{\"@context\":\"https:\\\/\\\/schema.org\",\"@graph\":[{\"@type\":\"WebPage\",\"@id\":\"https:\\\/\\\/fwwh.ch\\\/index.php\\\/uebungsbetrieb\\\/\",\"url\":\"https:\\\/\\\/fwwh.ch\\\/index.php\\\/uebungsbetrieb\\\/\",\"name\":\"\u00dcbungsbetrieb - Feuerwehr Wittenbach-H\u00e4ggenschwil\",\"isPartOf\":{\"@id\":\"https:\\\/\\\/fwwh.ch\\\/#website\"},\"datePublished\":\"2020-12-25T12:20:18+00:00\",\"dateModified\":\"2024-03-15T11:48:57+00:00\",\"description\":\"\u00dcbungsbetrieb %\",\"breadcrumb\":{\"@id\":\"https:\\\/\\\/fwwh.ch\\\/index.php\\\/uebungsbetrieb\\\/#breadcrumb\"},\"inLanguage\":\"de\",\"potentialAction\":[{\"@type\":\"ReadAction\",\"target\":[\"https:\\\/\\\/fwwh.ch\\\/index.php\\\/uebungsbetrieb\\\/\"]}]},{\"@type\":\"BreadcrumbList\",\"@id\":\"https:\\\/\\\/fwwh.ch\\\/index.php\\\/uebungsbetrieb\\\/#breadcrumb\",\"itemListElement\":[{\"@type\":\"ListItem\",\"position\":1,\"name\":\"Startseite\",\"item\":\"https:\\\/\\\/fwwh.ch\\\/\"},{\"@type\":\"ListItem\",\"position\":2,\"name\":\"\u00dcbungsbetrieb\"}]},{\"@type\":\"WebSite\",\"@id\":\"https:\\\/\\\/fwwh.ch\\\/#website\",\"url\":\"https:\\\/\\\/fwwh.ch\\\/\",\"name\":\"Feuerwehr Wittenbach-H\u00e4ggenschwil\",\"description\":\"\",\"publisher\":{\"@id\":\"https:\\\/\\\/fwwh.ch\\\/#organization\"},\"potentialAction\":[{\"@type\":\"SearchAction\",\"target\":{\"@type\":\"EntryPoint\",\"urlTemplate\":\"https:\\\/\\\/fwwh.ch\\\/?s={search_term_string}\"},\"query-input\":{\"@type\":\"PropertyValueSpecification\",\"valueRequired\":true,\"valueName\":\"search_term_string\"}}],\"inLanguage\":\"de\"},{\"@type\":\"Organization\",\"@id\":\"https:\\\/\\\/fwwh.ch\\\/#organization\",\"name\":\"Feuerwehr Wittenbach-H\u00e4ggenschwil\",\"url\":\"https:\\\/\\\/fwwh.ch\\\/\",\"logo\":{\"@type\":\"ImageObject\",\"inLanguage\":\"de\",\"@id\":\"https:\\\/\\\/fwwh.ch\\\/#\\\/schema\\\/logo\\\/image\\\/\",\"url\":\"https:\\\/\\\/i0.wp.com\\\/fwwh.ch\\\/wp-content\\\/uploads\\\/2020\\\/12\\\/FWWH_Signet_1-1.jpg?fit=2157%2C1671&ssl=1\",\"contentUrl\":\"https:\\\/\\\/i0.wp.com\\\/fwwh.ch\\\/wp-content\\\/uploads\\\/2020\\\/12\\\/FWWH_Signet_1-1.jpg?fit=2157%2C1671&ssl=1\",\"width\":2157,\"height\":1671,\"caption\":\"Feuerwehr Wittenbach-H\u00e4ggenschwil\"},\"image\":{\"@id\":\"https:\\\/\\\/fwwh.ch\\\/#\\\/schema\\\/logo\\\/image\\\/\"},\"sameAs\":[\"https:\\\/\\\/www.facebook.com\\\/fwwh.ch\",\"https:\\\/\\\/www.instagram.com\\\/fwwh.ch\\\/\",\"https:\\\/\\\/www.youtube.com\\\/channel\\\/UC6GgVz5vGEAlQbxNXs1pTqA\"]}]}<\/script>\n<!-- \/ Yoast SEO plugin. -->","yoast_head_json":{"title":"\u00dcbungsbetrieb - Feuerwehr Wittenbach-H\u00e4ggenschwil","description":"\u00dcbungsbetrieb %","robots":{"index":"index","follow":"follow","max-snippet":"max-snippet:-1","max-image-preview":"max-image-preview:large","max-video-preview":"max-video-preview:-1"},"canonical":"https:\/\/fwwh.ch\/index.php\/uebungsbetrieb\/","og_locale":"de_DE","og_type":"article","og_title":"\u00dcbungsbetrieb - Feuerwehr Wittenbach-H\u00e4ggenschwil","og_description":"\u00dcbungsbetrieb %","og_url":"https:\/\/fwwh.ch\/index.php\/uebungsbetrieb\/","og_site_name":"Feuerwehr Wittenbach-H\u00e4ggenschwil","article_publisher":"https:\/\/www.facebook.com\/fwwh.ch","article_modified_time":"2024-03-15T11:48:57+00:00","twitter_card":"summary_large_image","twitter_misc":{"Gesch\u00e4tzte Lesezeit":"1\u00a0Minute"},"schema":{"@context":"https:\/\/schema.org","@graph":[{"@type":"WebPage","@id":"https:\/\/fwwh.ch\/index.php\/uebungsbetrieb\/","url":"https:\/\/fwwh.ch\/index.php\/uebungsbetrieb\/","name":"\u00dcbungsbetrieb - Feuerwehr Wittenbach-H\u00e4ggenschwil","isPartOf":{"@id":"https:\/\/fwwh.ch\/#website"},"datePublished":"2020-12-25T12:20:18+00:00","dateModified":"2024-03-15T11:48:57+00:00","description":"\u00dcbungsbetrieb %","breadcrumb":{"@id":"https:\/\/fwwh.ch\/index.php\/uebungsbetrieb\/#breadcrumb"},"inLanguage":"de","potentialAction":[{"@type":"ReadAction","target":["https:\/\/fwwh.ch\/index.php\/uebungsbetrieb\/"]}]},{"@type":"BreadcrumbList","@id":"https:\/\/fwwh.ch\/index.php\/uebungsbetrieb\/#breadcrumb","itemListElement":[{"@type":"ListItem","position":1,"name":"Startseite","item":"https:\/\/fwwh.ch\/"},{"@type":"ListItem","position":2,"name":"\u00dcbungsbetrieb"}]},{"@type":"WebSite","@id":"https:\/\/fwwh.ch\/#website","url":"https:\/\/fwwh.ch\/","name":"Feuerwehr Wittenbach-H\u00e4ggenschwil","description":"","publisher":{"@id":"https:\/\/fwwh.ch\/#organization"},"potentialAction":[{"@type":"SearchAction","target":{"@type":"EntryPoint","urlTemplate":"https:\/\/fwwh.ch\/?s={search_term_string}"},"query-input":{"@type":"PropertyValueSpecification","valueRequired":true,"valueName":"search_term_string"}}],"inLanguage":"de"},{"@type":"Organization","@id":"https:\/\/fwwh.ch\/#organization","name":"Feuerwehr Wittenbach-H\u00e4ggenschwil","url":"https:\/\/fwwh.ch\/","logo":{"@type":"ImageObject","inLanguage":"de","@id":"https:\/\/fwwh.ch\/#\/schema\/logo\/image\/","url":"https:\/\/i0.wp.com\/fwwh.ch\/wp-content\/uploads\/2020\/12\/FWWH_Signet_1-1.jpg?fit=2157%2C1671&ssl=1","contentUrl":"https:\/\/i0.wp.com\/fwwh.ch\/wp-content\/uploads\/2020\/12\/FWWH_Signet_1-1.jpg?fit=2157%2C1671&ssl=1","width":2157,"height":1671,"caption":"Feuerwehr Wittenbach-H\u00e4ggenschwil"},"image":{"@id":"https:\/\/fwwh.ch\/#\/schema\/logo\/image\/"},"sameAs":["https:\/\/www.facebook.com\/fwwh.ch","https:\/\/www.instagram.com\/fwwh.ch\/","https:\/\/www.youtube.com\/channel\/UC6GgVz5vGEAlQbxNXs1pTqA"]}]}},"jetpack_sharing_enabled":true,"_links":{"self":[{"href":"https:\/\/fwwh.ch\/index.php\/wp-json\/wp\/v2\/pages\/417","targetHints":{"allow":["GET"]}}],"collection":[{"href":"https:\/\/fwwh.ch\/index.php\/wp-json\/wp\/v2\/pages"}],"about":[{"href":"https:\/\/fwwh.ch\/index.php\/wp-json\/wp\/v2\/types\/page"}],"author":[{"embeddable":true,"href":"https:\/\/fwwh.ch\/index.php\/wp-json\/wp\/v2\/users\/1"}],"replies":[{"embeddable":true,"href":"https:\/\/fwwh.ch\/index.php\/wp-json\/wp\/v2\/comments?post=417"}],"version-history":[{"count":49,"href":"https:\/\/fwwh.ch\/index.php\/wp-json\/wp\/v2\/pages\/417\/revisions"}],"predecessor-version":[{"id":4795,"href":"https:\/\/fwwh.ch\/index.php\/wp-json\/wp\/v2\/pages\/417\/revisions\/4795"}],"wp:attachment":[{"href":"https:\/\/fwwh.ch\/index.php\/wp-json\/wp\/v2\/media?parent=417"}],"curies":[{"name":"wp","href":"https:\/\/api.w.org\/{rel}","templated":true}]}}